{"id":242,"date":"2023-08-09T17:51:10","date_gmt":"2023-08-09T17:51:10","guid":{"rendered":"https:\/\/rebemath.es\/?page_id=242"},"modified":"2025-02-23T13:40:45","modified_gmt":"2025-02-23T13:40:45","slug":"principal","status":"publish","type":"page","link":"https:\/\/rebemath.es\/","title":{"rendered":"Principal"},"content":{"rendered":"\n<marquee behavior=\"alternate\" direction=\"left\" style=\"font-size:14pt;color:#ff7987\";\"text-align:center\"> <strong> &#8211; Las matem\u00e1ticas son la m\u00fasica de la raz\u00f3n &#8211; <\/strong> James Joseph Sylvester. <\/marquee>\n\n\n\n<hr class=\"wp-block-separator has-alpha-channel-opacity\"\/>\n\n\n\n\t\t<!-- MasterSlider -->\n\t\t<div id=\"P_MS69f070bb9b769\" class=\"master-slider-parent msl ms-parent-id-1\" style=\"max-width:500px;\">\n\n\t\t\t\n\t\t\t<!-- MasterSlider Main -->\n\t\t\t<div id=\"MS69f070bb9b769\" class=\"master-slider ms-skin-default\" >\n\t\t\t\t \t\t\t\t \n\t\t\t\t<div  class=\"ms-slide\" data-delay=\"3\" data-fill-mode=\"fill\"  >\n\t\t\t\t\t<img decoding=\"async\" src=\"https:\/\/rebemath.es\/wp-content\/plugins\/master-slider\/public\/assets\/css\/blank.gif\" alt=\"\" title=\"\" data-src=\"https:\/\/rebemath.es\/wp-content\/uploads\/2023\/08\/CUBOS_RUBIK-500x367.png\" \/>\n\t<a href=\"https:\/\/rebemath.es\/?p=342\" target=\"_self\"    ><\/a>\n\n\n\t<div class=\"ms-thumb\" ><div class=\"ms-tab-context\"><div class=\"&quot;ms-tab-context&quot;\"><\/div><\/div>\n<\/div>\n\t\t\t\t<\/div>\n\t\t\t\t<div  class=\"ms-slide\" data-delay=\"3\" data-fill-mode=\"fill\"  >\n\t\t\t\t\t<img decoding=\"async\" src=\"https:\/\/rebemath.es\/wp-content\/plugins\/master-slider\/public\/assets\/css\/blank.gif\" alt=\"\" title=\"\" data-src=\"https:\/\/rebemath.es\/wp-content\/uploads\/2024\/05\/Diploma_Oro_Teano-500x367.png\" \/>\n\t<a href=\"https:\/\/rebemath.es\/?p=614\" target=\"_self\"    ><\/a>\n\n\n\t<div class=\"ms-thumb\" ><div class=\"ms-tab-context\"><div class=\"&quot;ms-tab-context&quot;\"><\/div><\/div>\n<\/div>\n\t\t\t\t<\/div>\n\t\t\t\t<div  class=\"ms-slide\" data-delay=\"3\" data-fill-mode=\"fill\"  >\n\t\t\t\t\t<img decoding=\"async\" src=\"https:\/\/rebemath.es\/wp-content\/plugins\/master-slider\/public\/assets\/css\/blank.gif\" alt=\"\" title=\"\" data-src=\"https:\/\/rebemath.es\/wp-content\/uploads\/2025\/02\/I-INTERNATIONAL-TOURNAMENT-FROM-SPAIN-2025-500x367.jpg\" \/>\n\t<a href=\"https:\/\/rebemath.es\/?p=690\" target=\"_self\"    ><\/a>\n\n\n\t<div class=\"ms-thumb\" ><div class=\"ms-tab-context\"><div class=\"&quot;ms-tab-context&quot;\"><\/div><\/div>\n<\/div>\n\t\t\t\t<\/div>\n\t\t\t\t<div  class=\"ms-slide\" data-delay=\"3\" data-fill-mode=\"fill\"  >\n\t\t\t\t\t<img decoding=\"async\" src=\"https:\/\/rebemath.es\/wp-content\/plugins\/master-slider\/public\/assets\/css\/blank.gif\" alt=\"\" title=\"\" data-src=\"https:\/\/rebemath.es\/wp-content\/uploads\/2025\/02\/Clasificacion_-I-INTERNATIONAL-TOURNAMENT-FROM-SPAIN-2025-500x367.jpg\" \/>\n\t<a href=\"https:\/\/rebemath.es\/?p=690\" target=\"_self\"    ><\/a>\n\n\n\t<div class=\"ms-thumb\" ><div class=\"ms-tab-context\"><div class=\"&quot;ms-tab-context&quot;\"><\/div><\/div>\n<\/div>\n\t\t\t\t<\/div>\n\t\t\t\t<div  class=\"ms-slide\" data-delay=\"3\" data-fill-mode=\"fill\"  >\n\t\t\t\t\t<img decoding=\"async\" src=\"https:\/\/rebemath.es\/wp-content\/plugins\/master-slider\/public\/assets\/css\/blank.gif\" alt=\"\" title=\"\" data-src=\"https:\/\/rebemath.es\/wp-content\/uploads\/2023\/08\/dia-internacional-mujeres-matematicas-500x367.jpg\" \/>\n\t<a href=\"https:\/\/rebemath.es\/?p=270\" target=\"_self\"    ><\/a>\n\n\n\t<div class=\"ms-thumb\" ><div class=\"ms-tab-context\"><div class=\"&quot;ms-tab-context&quot;\"><\/div><\/div>\n<\/div>\n\t\t\t\t<\/div>\n\t\t\t\t<div  class=\"ms-slide\" data-delay=\"3\" data-fill-mode=\"fill\"  >\n\t\t\t\t\t<img decoding=\"async\" src=\"https:\/\/rebemath.es\/wp-content\/plugins\/master-slider\/public\/assets\/css\/blank.gif\" alt=\"\" title=\"\" data-src=\"https:\/\/rebemath.es\/wp-content\/uploads\/2025\/03\/Cartell_Concurs_CM_Dia-de-les-Matematiques-500x367.jpg\" \/>\n\t<a href=\"https:\/\/rebemath.es\/?p=799\" target=\"_self\"    ><\/a>\n\n\n\t<div class=\"ms-thumb\" ><div class=\"ms-tab-context\"><div class=\"&quot;ms-tab-context&quot;\"><\/div><\/div>\n<\/div>\n\t\t\t\t<\/div>\n\t\t\t\t<div  class=\"ms-slide\" data-delay=\"3\" data-fill-mode=\"fill\"  >\n\t\t\t\t\t<img decoding=\"async\" src=\"https:\/\/rebemath.es\/wp-content\/plugins\/master-slider\/public\/assets\/css\/blank.gif\" alt=\"\" title=\"\" data-src=\"https:\/\/rebemath.es\/wp-content\/uploads\/2025\/03\/Resultados_Clasificacion_Dia_Matematicas-500x367.jpg\" \/>\n\t<a href=\"https:\/\/rebemath.es\/?p=799\" target=\"_self\"    ><\/a>\n\n\n\t<div class=\"ms-thumb\" ><div class=\"ms-tab-context\"><div class=\"&quot;ms-tab-context&quot;\"><\/div><\/div>\n<\/div>\n\t\t\t\t<\/div>\n\t\t\t\t<div  class=\"ms-slide\" data-delay=\"3\" data-fill-mode=\"fill\"  >\n\t\t\t\t\t<img decoding=\"async\" src=\"https:\/\/rebemath.es\/wp-content\/plugins\/master-slider\/public\/assets\/css\/blank.gif\" alt=\"\" title=\"\" data-src=\"https:\/\/rebemath.es\/wp-content\/uploads\/2025\/03\/ALBERTO-COTO-VISITA-CENTRO-500x367.png\" \/>\n\t<a href=\"https:\/\/rebemath.es\/?p=813\" target=\"_self\"    ><\/a>\n\n\n\t<div class=\"ms-thumb\" ><div class=\"ms-tab-context\"><div class=\"&quot;ms-tab-context&quot;\"><\/div><\/div>\n<\/div>\n\t\t\t\t<\/div>\n\t\t\t\t<div  class=\"ms-slide\" data-delay=\"3\" data-fill-mode=\"fill\"  >\n\t\t\t\t\t<img decoding=\"async\" src=\"https:\/\/rebemath.es\/wp-content\/plugins\/master-slider\/public\/assets\/css\/blank.gif\" alt=\"\" title=\"\" data-src=\"https:\/\/rebemath.es\/wp-content\/uploads\/2025\/05\/Diploma-ORO-4t-REBECATEAM-500x367.jpg\" \/>\n\t<a href=\"https:\/\/rebemath.es\/?p=748\"     ><\/a>\n\n\n\t<div class=\"ms-thumb\" ><div class=\"ms-tab-context\"><div class=\"&quot;ms-tab-context&quot;\"><\/div><\/div>\n<\/div>\n\t\t\t\t<\/div>\n\t\t\t\t<div  class=\"ms-slide\" data-delay=\"3\" data-fill-mode=\"fill\"  >\n\t\t\t\t\t<img decoding=\"async\" src=\"https:\/\/rebemath.es\/wp-content\/plugins\/master-slider\/public\/assets\/css\/blank.gif\" alt=\"\" title=\"\" data-src=\"https:\/\/rebemath.es\/wp-content\/uploads\/2025\/05\/Diploma-PLATA-3rA-ESPIRAL-500x367.jpg\" \/>\n\t<a href=\"https:\/\/rebemath.es\/?p=748\"     ><\/a>\n\n\n\t<div class=\"ms-thumb\" ><div class=\"ms-tab-context\"><div class=\"&quot;ms-tab-context&quot;\"><\/div><\/div>\n<\/div>\n\t\t\t\t<\/div>\n\t\t\t\t<div  class=\"ms-slide\" data-delay=\"3\" data-fill-mode=\"fill\"  >\n\t\t\t\t\t<img decoding=\"async\" src=\"https:\/\/rebemath.es\/wp-content\/plugins\/master-slider\/public\/assets\/css\/blank.gif\" alt=\"\" title=\"\" data-src=\"https:\/\/rebemath.es\/wp-content\/uploads\/2025\/04\/Alberto_Cartel-scaled-500x367.jpg\" \/>\n\t<a href=\"https:\/\/rebemath.es\/?p=813\" target=\"_self\"    ><\/a>\n\n\n\t<div class=\"ms-thumb\" ><div class=\"ms-tab-context\"><div class=\"&quot;ms-tab-context&quot;\"><\/div><\/div>\n<\/div>\n\t\t\t\t<\/div>\n\t\t\t\t<div  class=\"ms-slide\" data-delay=\"3\" data-fill-mode=\"fill\"  >\n\t\t\t\t\t<img decoding=\"async\" src=\"https:\/\/rebemath.es\/wp-content\/plugins\/master-slider\/public\/assets\/css\/blank.gif\" alt=\"\" title=\"\" data-src=\"https:\/\/rebemath.es\/wp-content\/uploads\/2026\/04\/DIPLOMA-ORO-2026-500x367.png\" \/>\n\t<a href=\"https:\/\/rebemath.es\/?p=1365\" target=\"_blank\"    ><\/a>\n\n\n\t<div class=\"ms-thumb\" ><div class=\"ms-tab-context\"><div class=\"&quot;ms-tab-context&quot;\"><\/div><\/div>\n<\/div>\n\t\t\t\t<\/div>\n\n\t\t\t<\/div>\n\t\t\t<!-- END MasterSlider Main -->\n\n\t\t\t \n\t\t<\/div>\n\t\t<!-- END MasterSlider -->\n\n\t\t<script>\n\t\t(function ( $ ) {\n\t\t\t\"use strict\";\n\n\t\t\t$(function () {\n\t\t\t\tvar masterslider_b769 = new MasterSlider();\n\n\t\t\t\t\/\/ slider controls\n\t\t\t\tmasterslider_b769.control('arrows'     ,{ autohide:false, overVideo:true  });\n\t\t\t\t\/\/ slider setup\n\t\t\t\tmasterslider_b769.setup(\"MS69f070bb9b769\", {\n\t\t\t\t\t\twidth           : 500,\n\t\t\t\t\t\theight          : 367,\n\t\t\t\t\t\tminHeight       : 0,\n\t\t\t\t\t\tspace           : 0,\n\t\t\t\t\t\tstart           : 5,\n\t\t\t\t\t\tgrabCursor      : true,\n\t\t\t\t\t\tswipe           : true,\n\t\t\t\t\t\tmouse           : true,\n\t\t\t\t\t\tlayout          : \"boxed\",\n\t\t\t\t\t\twheel           : false,\n\t\t\t\t\t\tautoplay        : true,\n\t\t\t\t\t\tinstantStartLayers:false,\n\t\t\t\t\t\tloop            : true,\n\t\t\t\t\t\tshuffle         : true,\n\t\t\t\t\t\tpreload         : 0,\n\t\t\t\t\t\theightLimit     : true,\n\t\t\t\t\t\tautoHeight      : false,\n\t\t\t\t\t\tsmoothHeight    : true,\n\t\t\t\t\t\tendPause        : false,\n\t\t\t\t\t\toverPause       : true,\n\t\t\t\t\t\tfillMode        : \"fill\",\n\t\t\t\t\t\tcenterControls  : true,\n\t\t\t\t\t\tstartOnAppear   : false,\n\t\t\t\t\t\tlayersMode      : \"center\",\n\t\t\t\t\t\thideLayers      : false,\n\t\t\t\t\t\tfullscreenMargin: 0,\n\t\t\t\t\t\tspeed           : 20,\n\t\t\t\t\t\tdir             : \"h\",\n\t\t\t\t\t\tparallaxMode    : 'swipe',\n\t\t\t\t\t\tview            : \"basic\"\n\t\t\t\t});\n\n\t\t\t\t\n\t\t\t\twindow.masterslider_instances = window.masterslider_instances || [];\n\t\t\t\twindow.masterslider_instances.push( masterslider_b769 );\n\t\t\t });\n\n\t\t})(jQuery);\n\t\t<\/script>\n\n\n\n\n\n<hr class=\"wp-block-separator has-alpha-channel-opacity\"\/>\n\n\n\n<p>Como amante de las matem\u00e1ticas desde que tengo uso de raz\u00f3n y como profesora de educaci\u00f3n secundaria de matem\u00e1ticas, surge mi web para intentar transmitir mi amor por las matem\u00e1ticas, a la vez, ayudar a entender este mundo con las herramientas matem\u00e1ticas necesarias.<\/p>\n\n\n\n<p>Muchos han sido desde el comienzo de los tiempos, matem\u00e1ticos, matem\u00e1ticas y fil\u00f3sofos, que han ido descubriendo y dando forma a este mundo matem\u00e1tico tal como lo conocemos hoy en d\u00eda.<\/p>\n\n\n\n<p>Son muchos los libros que se han escrito del Origen e Historia de las Matem\u00e1ticas. Iremos descubriendo, poco a poco, en esta web todo lo referente a las matem\u00e1ticas desde su origen a la actualidad.<\/p>\n\n\n\n<figure class=\"wp-block-image aligncenter size-full is-resized is-style-rounded\"><img fetchpriority=\"high\" decoding=\"async\" width=\"398\" height=\"398\" src=\"https:\/\/rebemath.es\/wp-content\/uploads\/2023\/08\/Muro.jpg\" alt=\"\" class=\"wp-image-494\" style=\"width:250px;height:250px\" srcset=\"https:\/\/rebemath.es\/wp-content\/uploads\/2023\/08\/Muro.jpg 398w, https:\/\/rebemath.es\/wp-content\/uploads\/2023\/08\/Muro-300x300.jpg 300w, https:\/\/rebemath.es\/wp-content\/uploads\/2023\/08\/Muro-150x150.jpg 150w\" sizes=\"(max-width: 398px) 100vw, 398px\" \/><\/figure>\n\n\n\n<div class=\"wp-block-media-text is-stacked-on-mobile\"><figure class=\"wp-block-media-text__media\"><\/figure><div class=\"wp-block-media-text__content\">\n<p><\/p>\n<\/div><\/div>\n\n\n\n<div class=\"wp-block-media-text is-stacked-on-mobile\"><figure class=\"wp-block-media-text__media\"><\/figure><div class=\"wp-block-media-text__content\">\n<p><\/p>\n<\/div><\/div>\n","protected":false},"excerpt":{"rendered":"<p>&#8211; Las matem\u00e1ticas son la m\u00fasica de la raz\u00f3n &#8211; James Joseph Sylvester. Como amante de las matem\u00e1ticas desde que tengo uso de raz\u00f3n y como profesora de educaci\u00f3n secundaria de matem\u00e1ticas, surge mi web para intentar transmitir mi amor por las matem\u00e1ticas, a la vez, ayudar a entender este mundo con las herramientas matem\u00e1ticas [&hellip;]<\/p>\n","protected":false},"author":2,"featured_media":0,"parent":0,"menu_order":0,"comment_status":"closed","ping_status":"closed","template":"","meta":{"site-container-style":"default","site-container-layout":"default","site-sidebar-layout":"default","disable-article-header":"default","disable-site-header":"default","disable-site-footer":"default","disable-content-area-spacing":"default","footnotes":""},"class_list":["post-242","page","type-page","status-publish","hentry"],"_links":{"self":[{"href":"https:\/\/rebemath.es\/index.php?rest_route=\/wp\/v2\/pages\/242","targetHints":{"allow":["GET"]}}],"collection":[{"href":"https:\/\/rebemath.es\/index.php?rest_route=\/wp\/v2\/pages"}],"about":[{"href":"https:\/\/rebemath.es\/index.php?rest_route=\/wp\/v2\/types\/page"}],"author":[{"embeddable":true,"href":"https:\/\/rebemath.es\/index.php?rest_route=\/wp\/v2\/users\/2"}],"replies":[{"embeddable":true,"href":"https:\/\/rebemath.es\/index.php?rest_route=%2Fwp%2Fv2%2Fcomments&post=242"}],"version-history":[{"count":33,"href":"https:\/\/rebemath.es\/index.php?rest_route=\/wp\/v2\/pages\/242\/revisions"}],"predecessor-version":[{"id":663,"href":"https:\/\/rebemath.es\/index.php?rest_route=\/wp\/v2\/pages\/242\/revisions\/663"}],"wp:attachment":[{"href":"https:\/\/rebemath.es\/index.php?rest_route=%2Fwp%2Fv2%2Fmedia&parent=242"}],"curies":[{"name":"wp","href":"https:\/\/api.w.org\/{rel}","templated":true}]}}